{"id":1365,"date":"2020-04-11T10:09:59","date_gmt":"2020-04-11T09:09:59","guid":{"rendered":"http:\/\/cheltoutslim.com\/?page_id=1365"},"modified":"2020-05-03T18:00:40","modified_gmt":"2020-05-03T17:00:40","slug":"sculpture","status":"publish","type":"page","link":"https:\/\/cheltoutslim.com\/?page_id=1365","title":{"rendered":"sculpture"},"content":{"rendered":"\n<hr class=\"wp-block-separator\"\/>\n\n\n\n<h2 class=\"has-text-align-center wp-block-heading\">Petits civils<\/h2>\n\n\n\n<figure class=\"wp-block-gallery columns-3 is-cropped wp-block-gallery-1 is-layout-flex wp-block-gallery-is-layout-flex\"><ul class=\"blocks-gallery-grid\"><li class=\"blocks-gallery-item\"><figure><img loading=\"lazy\" decoding=\"async\" width=\"768\" height=\"1024\" src=\"https:\/\/cheltoutslim.com\/wp-content\/uploads\/2014\/10\/IMG_20161214_201539-768x1024.jpg\" alt=\"\" data-id=\"1094\" data-full-url=\"https:\/\/cheltoutslim.com\/wp-content\/uploads\/2014\/10\/IMG_20161214_201539.jpg\" data-link=\"https:\/\/cheltoutslim.com\/?attachment_id=1094\" class=\"wp-image-1094\" srcset=\"https:\/\/cheltoutslim.com\/wp-content\/uploads\/2014\/10\/IMG_20161214_201539-768x1024.jpg 768w, https:\/\/cheltoutslim.com\/wp-content\/uploads\/2014\/10\/IMG_20161214_201539-38x50.jpg 38w, https:\/\/cheltoutslim.com\/wp-content\/uploads\/2014\/10\/IMG_20161214_201539-225x300.jpg 225w, https:\/\/cheltoutslim.com\/wp-content\/uploads\/2014\/10\/IMG_20161214_201539.jpg 1944w\" sizes=\"auto, (max-width: 768px) 100vw, 768px\" \/><figcaption class=\"blocks-gallery-item__caption\">plastique ,bois <\/figcaption><\/figure><\/li><li class=\"blocks-gallery-item\"><figure><img loading=\"lazy\" decoding=\"async\" width=\"1024\" height=\"768\" src=\"https:\/\/cheltoutslim.com\/wp-content\/uploads\/2018\/09\/P1020433-1024x768.jpg\" alt=\"\" data-id=\"1133\" data-full-url=\"https:\/\/cheltoutslim.com\/wp-content\/uploads\/2018\/09\/P1020433.jpg\" data-link=\"https:\/\/cheltoutslim.com\/?attachment_id=1133\" class=\"wp-image-1133\" srcset=\"https:\/\/cheltoutslim.com\/wp-content\/uploads\/2018\/09\/P1020433-1024x768.jpg 1024w, https:\/\/cheltoutslim.com\/wp-content\/uploads\/2018\/09\/P1020433-50x38.jpg 50w, https:\/\/cheltoutslim.com\/wp-content\/uploads\/2018\/09\/P1020433-300x225.jpg 300w, https:\/\/cheltoutslim.com\/wp-content\/uploads\/2018\/09\/P1020433-768x576.jpg 768w, https:\/\/cheltoutslim.com\/wp-content\/uploads\/2018\/09\/P1020433-2000x1500.jpg 2000w, https:\/\/cheltoutslim.com\/wp-content\/uploads\/2018\/09\/P1020433-128x96.jpg 128w\" sizes=\"auto, (max-width: 1024px) 100vw, 1024px\" \/><\/figure><\/li><li class=\"blocks-gallery-item\"><figure><img loading=\"lazy\" decoding=\"async\" width=\"1024\" height=\"753\" src=\"https:\/\/cheltoutslim.com\/wp-content\/uploads\/2018\/09\/petits-civils-recadr\u00e9s-1-1024x753.jpg\" alt=\"\" data-id=\"1129\" data-full-url=\"https:\/\/cheltoutslim.com\/wp-content\/uploads\/2018\/09\/petits-civils-recadr\u00e9s-1.jpg\" data-link=\"https:\/\/cheltoutslim.com\/?attachment_id=1129\" class=\"wp-image-1129\" srcset=\"https:\/\/cheltoutslim.com\/wp-content\/uploads\/2018\/09\/petits-civils-recadr\u00e9s-1-1024x753.jpg 1024w, https:\/\/cheltoutslim.com\/wp-content\/uploads\/2018\/09\/petits-civils-recadr\u00e9s-1-50x37.jpg 50w, https:\/\/cheltoutslim.com\/wp-content\/uploads\/2018\/09\/petits-civils-recadr\u00e9s-1-300x221.jpg 300w, https:\/\/cheltoutslim.com\/wp-content\/uploads\/2018\/09\/petits-civils-recadr\u00e9s-1-768x565.jpg 768w, https:\/\/cheltoutslim.com\/wp-content\/uploads\/2018\/09\/petits-civils-recadr\u00e9s-1-131x96.jpg 131w\" sizes=\"auto, (max-width: 1024px) 100vw, 1024px\" \/><\/figure><\/li><li class=\"blocks-gallery-item\"><figure><img loading=\"lazy\" decoding=\"async\" width=\"1024\" height=\"740\" src=\"https:\/\/cheltoutslim.com\/wp-content\/uploads\/2018\/09\/petits-civils-recadr\u00e9s-4-1024x740.jpg\" alt=\"\" data-id=\"1130\" data-full-url=\"https:\/\/cheltoutslim.com\/wp-content\/uploads\/2018\/09\/petits-civils-recadr\u00e9s-4.jpg\" data-link=\"https:\/\/cheltoutslim.com\/?attachment_id=1130\" class=\"wp-image-1130\" srcset=\"https:\/\/cheltoutslim.com\/wp-content\/uploads\/2018\/09\/petits-civils-recadr\u00e9s-4-1024x740.jpg 1024w, https:\/\/cheltoutslim.com\/wp-content\/uploads\/2018\/09\/petits-civils-recadr\u00e9s-4-50x36.jpg 50w, https:\/\/cheltoutslim.com\/wp-content\/uploads\/2018\/09\/petits-civils-recadr\u00e9s-4-300x217.jpg 300w, https:\/\/cheltoutslim.com\/wp-content\/uploads\/2018\/09\/petits-civils-recadr\u00e9s-4-768x555.jpg 768w, https:\/\/cheltoutslim.com\/wp-content\/uploads\/2018\/09\/petits-civils-recadr\u00e9s-4-133x96.jpg 133w\" sizes=\"auto, (max-width: 1024px) 100vw, 1024px\" \/><\/figure><\/li><li class=\"blocks-gallery-item\"><figure><img loading=\"lazy\" decoding=\"async\" width=\"600\" height=\"404\" src=\"https:\/\/cheltoutslim.com\/wp-content\/uploads\/2015\/03\/police-controle.jpg\" alt=\"\" data-id=\"885\" data-full-url=\"https:\/\/cheltoutslim.com\/wp-content\/uploads\/2015\/03\/police-controle.jpg\" data-link=\"https:\/\/cheltoutslim.com\/?attachment_id=885\" class=\"wp-image-885\" srcset=\"https:\/\/cheltoutslim.com\/wp-content\/uploads\/2015\/03\/police-controle.jpg 600w, https:\/\/cheltoutslim.com\/wp-content\/uploads\/2015\/03\/police-controle-50x34.jpg 50w, https:\/\/cheltoutslim.com\/wp-content\/uploads\/2015\/03\/police-controle-300x202.jpg 300w\" sizes=\"auto, (max-width: 600px) 100vw, 600px\" \/><\/figure><\/li><\/ul><\/figure>\n\n\n\n<p>Petits civils , jouets plastique d\u00e9form\u00e9 2011<\/p>\n\n\n\n<hr class=\"wp-block-separator\"\/>\n\n\n\n<h2 class=\"has-text-align-center wp-block-heading\">Continent-Contenant<\/h2>\n\n\n\n<figure class=\"wp-block-gallery columns-3 is-cropped wp-block-gallery-2 is-layout-flex wp-block-gallery-is-layout-flex\"><ul class=\"blocks-gallery-grid\"><li class=\"blocks-gallery-item\"><figure><img loading=\"lazy\" decoding=\"async\" width=\"600\" height=\"800\" src=\"https:\/\/cheltoutslim.com\/wp-content\/uploads\/2015\/03\/continent-contenant-.jpg\" alt=\"\" data-id=\"890\" data-full-url=\"https:\/\/cheltoutslim.com\/wp-content\/uploads\/2015\/03\/continent-contenant-.jpg\" data-link=\"https:\/\/cheltoutslim.com\/?attachment_id=890\" class=\"wp-image-890\" srcset=\"https:\/\/cheltoutslim.com\/wp-content\/uploads\/2015\/03\/continent-contenant-.jpg 600w, https:\/\/cheltoutslim.com\/wp-content\/uploads\/2015\/03\/continent-contenant--38x50.jpg 38w, https:\/\/cheltoutslim.com\/wp-content\/uploads\/2015\/03\/continent-contenant--225x300.jpg 225w\" sizes=\"auto, (max-width: 600px) 100vw, 600px\" \/><\/figure><\/li><li class=\"blocks-gallery-item\"><figure><img loading=\"lazy\" decoding=\"async\" width=\"600\" height=\"450\" src=\"https:\/\/cheltoutslim.com\/wp-content\/uploads\/2015\/03\/cimg0742.jpg\" alt=\"\" data-id=\"888\" data-full-url=\"https:\/\/cheltoutslim.com\/wp-content\/uploads\/2015\/03\/cimg0742.jpg\" data-link=\"https:\/\/cheltoutslim.com\/?attachment_id=888\" class=\"wp-image-888\" srcset=\"https:\/\/cheltoutslim.com\/wp-content\/uploads\/2015\/03\/cimg0742.jpg 600w, https:\/\/cheltoutslim.com\/wp-content\/uploads\/2015\/03\/cimg0742-50x38.jpg 50w, https:\/\/cheltoutslim.com\/wp-content\/uploads\/2015\/03\/cimg0742-300x225.jpg 300w\" sizes=\"auto, (max-width: 600px) 100vw, 600px\" \/><\/figure><\/li><li class=\"blocks-gallery-item\"><figure><img loading=\"lazy\" decoding=\"async\" width=\"600\" height=\"450\" src=\"https:\/\/cheltoutslim.com\/wp-content\/uploads\/2015\/03\/cimg0779.jpg\" alt=\"\" data-id=\"889\" data-full-url=\"https:\/\/cheltoutslim.com\/wp-content\/uploads\/2015\/03\/cimg0779.jpg\" data-link=\"https:\/\/cheltoutslim.com\/?attachment_id=889\" class=\"wp-image-889\" srcset=\"https:\/\/cheltoutslim.com\/wp-content\/uploads\/2015\/03\/cimg0779.jpg 600w, https:\/\/cheltoutslim.com\/wp-content\/uploads\/2015\/03\/cimg0779-50x38.jpg 50w, https:\/\/cheltoutslim.com\/wp-content\/uploads\/2015\/03\/cimg0779-300x225.jpg 300w\" sizes=\"auto, (max-width: 600px) 100vw, 600px\" \/><\/figure><\/li><li class=\"blocks-gallery-item\"><figure><img loading=\"lazy\" decoding=\"async\" width=\"1024\" height=\"768\" src=\"https:\/\/cheltoutslim.com\/wp-content\/uploads\/2013\/05\/Continent-containing--e1426545866822-1024x768.jpg\" alt=\"\" data-id=\"325\" data-full-url=\"https:\/\/cheltoutslim.com\/wp-content\/uploads\/2013\/05\/Continent-containing--e1426545866822.jpg\" data-link=\"https:\/\/cheltoutslim.com\/?attachment_id=325\" class=\"wp-image-325\" srcset=\"https:\/\/cheltoutslim.com\/wp-content\/uploads\/2013\/05\/Continent-containing--e1426545866822-1024x768.jpg 1024w, https:\/\/cheltoutslim.com\/wp-content\/uploads\/2013\/05\/Continent-containing--e1426545866822-50x37.jpg 50w, https:\/\/cheltoutslim.com\/wp-content\/uploads\/2013\/05\/Continent-containing--e1426545866822-300x225.jpg 300w, https:\/\/cheltoutslim.com\/wp-content\/uploads\/2013\/05\/Continent-containing--e1426545866822-900x675.jpg 900w, https:\/\/cheltoutslim.com\/wp-content\/uploads\/2013\/05\/Continent-containing--e1426545866822.jpg 1571w\" sizes=\"auto, (max-width: 1024px) 100vw, 1024px\" \/><\/figure><\/li><\/ul><figcaption class=\"blocks-gallery-caption\">Continent-Contenant . Bassines en plastique d\u00e9form\u00e9es, 2010<\/figcaption><\/figure>\n\n\n\n<p>Continent-Contenant, 9 m\u00b2 &nbsp;, bassines plastique d\u00e9form\u00e9es repr\u00e9sentant l&rsquo;Europe ,2010<\/p>\n\n\n\n<p>Le territoire : espace r\u00e9gi par des lois d\u00e9finissant une limite de circulation spatiale, cartographiquement repr\u00e9sent\u00e9 au travers de formes irr\u00e9guli\u00e8res.<br>\u00c0 nos yeux, nomm\u00e9 continent ou pays, ces formes \u00e9voquent notions d\u2019appartenance, de culture,d&rsquo;espace.<\/p>\n\n\n\n<p>Comme tout objets d\u00e9risoire du quotidien et d\u2019utilit\u00e9 plurielle, les bassines n\u2019ont de diff\u00e9rence que par leurs couleurs et leurs formes. L\u2019emploi de l\u2019objet devient ici une d\u00e9mystification de la valeur embl\u00e9matique d\u2019appartenance.<\/p>\n\n\n\n<hr class=\"wp-block-separator\"\/>\n\n\n\n<h2 class=\"has-text-align-center wp-block-heading\">Ind\u00e9pendance<\/h2>\n\n\n\n<figure class=\"wp-block-gallery columns-3 is-cropped wp-block-gallery-3 is-layout-flex wp-block-gallery-is-layout-flex\"><ul class=\"blocks-gallery-grid\"><li class=\"blocks-gallery-item\"><figure><img loading=\"lazy\" decoding=\"async\" width=\"409\" height=\"1024\" src=\"https:\/\/cheltoutslim.com\/wp-content\/uploads\/2013\/07\/ind\u00e9pendance-409x1024.jpg\" alt=\"\" data-id=\"330\" data-full-url=\"https:\/\/cheltoutslim.com\/wp-content\/uploads\/2013\/07\/ind\u00e9pendance.jpg\" data-link=\"https:\/\/cheltoutslim.com\/?attachment_id=330\" class=\"wp-image-330\" srcset=\"https:\/\/cheltoutslim.com\/wp-content\/uploads\/2013\/07\/ind\u00e9pendance-409x1024.jpg 409w, https:\/\/cheltoutslim.com\/wp-content\/uploads\/2013\/07\/ind\u00e9pendance-624x1560.jpg 624w, https:\/\/cheltoutslim.com\/wp-content\/uploads\/2013\/07\/ind\u00e9pendance.jpg 628w\" sizes=\"auto, (max-width: 409px) 100vw, 409px\" \/><\/figure><\/li><li class=\"blocks-gallery-item\"><figure><img loading=\"lazy\" decoding=\"async\" width=\"600\" height=\"800\" src=\"https:\/\/cheltoutslim.com\/wp-content\/uploads\/2013\/07\/DSCN0750.jpg\" alt=\"\" data-id=\"334\" data-full-url=\"https:\/\/cheltoutslim.com\/wp-content\/uploads\/2013\/07\/DSCN0750.jpg\" data-link=\"https:\/\/cheltoutslim.com\/?attachment_id=334\" class=\"wp-image-334\" srcset=\"https:\/\/cheltoutslim.com\/wp-content\/uploads\/2013\/07\/DSCN0750.jpg 600w, https:\/\/cheltoutslim.com\/wp-content\/uploads\/2013\/07\/DSCN0750-37x50.jpg 37w, https:\/\/cheltoutslim.com\/wp-content\/uploads\/2013\/07\/DSCN0750-225x300.jpg 225w\" sizes=\"auto, (max-width: 600px) 100vw, 600px\" \/><\/figure><\/li><li class=\"blocks-gallery-item\"><figure><img loading=\"lazy\" decoding=\"async\" width=\"600\" height=\"800\" src=\"https:\/\/cheltoutslim.com\/wp-content\/uploads\/2013\/07\/DSCN0754.jpg\" alt=\"\" data-id=\"339\" data-full-url=\"https:\/\/cheltoutslim.com\/wp-content\/uploads\/2013\/07\/DSCN0754.jpg\" data-link=\"https:\/\/cheltoutslim.com\/?attachment_id=339\" class=\"wp-image-339\" srcset=\"https:\/\/cheltoutslim.com\/wp-content\/uploads\/2013\/07\/DSCN0754.jpg 600w, https:\/\/cheltoutslim.com\/wp-content\/uploads\/2013\/07\/DSCN0754-37x50.jpg 37w, https:\/\/cheltoutslim.com\/wp-content\/uploads\/2013\/07\/DSCN0754-225x300.jpg 225w\" sizes=\"auto, (max-width: 600px) 100vw, 600px\" \/><\/figure><\/li><\/ul><figcaption class=\"blocks-gallery-caption\">ind\u00e9pendance ,  tisus et coton , 2010<\/figcaption><\/figure>\n\n\n\n<p>Ind\u00e9pendance , est une cha\u00eene en tissus r\u00e9alis\u00e9e en Inde .<\/p>\n<p>Le proc\u00e9der de cr\u00e9ation \u00e0 \u00e9t\u00e9 de proposer \u00e0 plusieurs femme indienne (musulmane ou hindou )\u00a0 la r\u00e9alisation d&rsquo;un ou de plusieurs maillons de cette cha\u00eene longue de 35 m .<\/p>\n<p>Ces femmes souvent confin\u00e9es \u00e0 un espace de circulation limit\u00e9 autour de leur domicile d\u00fb \u00e0\u00a0 leurs maris et ou pour sociale, \u00e9tait consciente du liens de leur situation \u00e0 cette r\u00e9alisation .\u00a0<\/p>\n\n\n\n<hr class=\"wp-block-separator\"\/>\n\n\n\n<h2 class=\"has-text-align-center wp-block-heading\">CityBox<\/h2>\n\n\n\n<p>projet de boite en poup\u00e9e russe, redondance de tiroir ouvrant \u00e0 nouveau un choix .<\/p>\n\n\n\n<figure class=\"wp-block-gallery columns-3 is-cropped wp-block-gallery-4 is-layout-flex wp-block-gallery-is-layout-flex\"><ul class=\"blocks-gallery-grid\"><li class=\"blocks-gallery-item\"><figure><img loading=\"lazy\" decoding=\"async\" width=\"600\" height=\"289\" src=\"https:\/\/cheltoutslim.com\/wp-content\/uploads\/2015\/03\/mobilier2-2.jpg\" alt=\"\" data-id=\"893\" data-full-url=\"https:\/\/cheltoutslim.com\/wp-content\/uploads\/2015\/03\/mobilier2-2.jpg\" data-link=\"https:\/\/cheltoutslim.com\/?attachment_id=893\" class=\"wp-image-893\" srcset=\"https:\/\/cheltoutslim.com\/wp-content\/uploads\/2015\/03\/mobilier2-2.jpg 600w, https:\/\/cheltoutslim.com\/wp-content\/uploads\/2015\/03\/mobilier2-2-50x24.jpg 50w, https:\/\/cheltoutslim.com\/wp-content\/uploads\/2015\/03\/mobilier2-2-300x145.jpg 300w\" sizes=\"auto, (max-width: 600px) 100vw, 600px\" \/><\/figure><\/li><li class=\"blocks-gallery-item\"><figure><img loading=\"lazy\" decoding=\"async\" width=\"600\" height=\"450\" src=\"https:\/\/cheltoutslim.com\/wp-content\/uploads\/2015\/03\/p1040869.jpg\" alt=\"\" data-id=\"894\" data-full-url=\"https:\/\/cheltoutslim.com\/wp-content\/uploads\/2015\/03\/p1040869.jpg\" data-link=\"https:\/\/cheltoutslim.com\/?attachment_id=894\" class=\"wp-image-894\" srcset=\"https:\/\/cheltoutslim.com\/wp-content\/uploads\/2015\/03\/p1040869.jpg 600w, https:\/\/cheltoutslim.com\/wp-content\/uploads\/2015\/03\/p1040869-50x38.jpg 50w, https:\/\/cheltoutslim.com\/wp-content\/uploads\/2015\/03\/p1040869-300x225.jpg 300w\" sizes=\"auto, (max-width: 600px) 100vw, 600px\" \/><\/figure><\/li><li class=\"blocks-gallery-item\"><figure><img loading=\"lazy\" decoding=\"async\" width=\"600\" height=\"450\" src=\"https:\/\/cheltoutslim.com\/wp-content\/uploads\/2015\/03\/p1040871.jpg\" alt=\"\" data-id=\"895\" data-full-url=\"https:\/\/cheltoutslim.com\/wp-content\/uploads\/2015\/03\/p1040871.jpg\" data-link=\"https:\/\/cheltoutslim.com\/?attachment_id=895\" class=\"wp-image-895\" srcset=\"https:\/\/cheltoutslim.com\/wp-content\/uploads\/2015\/03\/p1040871.jpg 600w, https:\/\/cheltoutslim.com\/wp-content\/uploads\/2015\/03\/p1040871-50x38.jpg 50w, https:\/\/cheltoutslim.com\/wp-content\/uploads\/2015\/03\/p1040871-300x225.jpg 300w\" sizes=\"auto, (max-width: 600px) 100vw, 600px\" \/><\/figure><\/li><li class=\"blocks-gallery-item\"><figure><img loading=\"lazy\" decoding=\"async\" width=\"600\" height=\"402\" src=\"https:\/\/cheltoutslim.com\/wp-content\/uploads\/2015\/03\/22.06.09-352-2.jpg\" alt=\"\" data-id=\"891\" data-full-url=\"https:\/\/cheltoutslim.com\/wp-content\/uploads\/2015\/03\/22.06.09-352-2.jpg\" data-link=\"https:\/\/cheltoutslim.com\/?attachment_id=891\" class=\"wp-image-891\" srcset=\"https:\/\/cheltoutslim.com\/wp-content\/uploads\/2015\/03\/22.06.09-352-2.jpg 600w, https:\/\/cheltoutslim.com\/wp-content\/uploads\/2015\/03\/22.06.09-352-2-50x34.jpg 50w, https:\/\/cheltoutslim.com\/wp-content\/uploads\/2015\/03\/22.06.09-352-2-300x201.jpg 300w\" sizes=\"auto, (max-width: 600px) 100vw, 600px\" \/><\/figure><\/li><\/ul><\/figure>\n","protected":false},"excerpt":{"rendered":"<p>Petits civils Petits civils , jouets plastique d\u00e9form\u00e9 2011 Continent-Contenant Continent-Contenant, 9 m\u00b2 &nbsp;, bassines plastique d\u00e9form\u00e9es repr\u00e9sentant l&rsquo;Europe ,2010 Le territoire : espace r\u00e9gi par des lois d\u00e9finissant une limite de circulation spatiale, cartographiquement repr\u00e9sent\u00e9 au travers de formes irr\u00e9guli\u00e8res.\u00c0 nos yeux, nomm\u00e9 continent ou pays, ces formes \u00e9voquent notions d\u2019appartenance, de culture,d&rsquo;espace. Comme&hellip; <br \/> <a class=\"read-more\" href=\"https:\/\/cheltoutslim.com\/?page_id=1365\">Lire la suite<\/a><\/p>\n","protected":false},"author":1,"featured_media":0,"parent":0,"menu_order":0,"comment_status":"closed","ping_status":"closed","template":"","meta":{"_monsterinsights_skip_tracking":false,"_monsterinsights_sitenote_active":false,"_monsterinsights_sitenote_note":"","_monsterinsights_sitenote_category":0,"footnotes":""},"class_list":["post-1365","page","type-page","status-publish","hentry"],"aioseo_notices":[],"_links":{"self":[{"href":"https:\/\/cheltoutslim.com\/index.php?rest_route=\/wp\/v2\/pages\/1365","targetHints":{"allow":["GET"]}}],"collection":[{"href":"https:\/\/cheltoutslim.com\/index.php?rest_route=\/wp\/v2\/pages"}],"about":[{"href":"https:\/\/cheltoutslim.com\/index.php?rest_route=\/wp\/v2\/types\/page"}],"author":[{"embeddable":true,"href":"https:\/\/cheltoutslim.com\/index.php?rest_route=\/wp\/v2\/users\/1"}],"replies":[{"embeddable":true,"href":"https:\/\/cheltoutslim.com\/index.php?rest_route=%2Fwp%2Fv2%2Fcomments&post=1365"}],"version-history":[{"count":11,"href":"https:\/\/cheltoutslim.com\/index.php?rest_route=\/wp\/v2\/pages\/1365\/revisions"}],"predecessor-version":[{"id":1451,"href":"https:\/\/cheltoutslim.com\/index.php?rest_route=\/wp\/v2\/pages\/1365\/revisions\/1451"}],"wp:attachment":[{"href":"https:\/\/cheltoutslim.com\/index.php?rest_route=%2Fwp%2Fv2%2Fmedia&parent=1365"}],"curies":[{"name":"wp","href":"https:\/\/api.w.org\/{rel}","templated":true}]}}