{"id":184,"date":"2013-07-18T11:30:23","date_gmt":"2013-07-18T10:30:23","guid":{"rendered":"http:\/\/cheltoutslim.com\/?page_id=184"},"modified":"2023-01-21T13:17:47","modified_gmt":"2023-01-21T12:17:47","slug":"cv","status":"publish","type":"page","link":"https:\/\/cheltoutslim.com\/?page_id=184","title":{"rendered":"cv"},"content":{"rendered":"<h3><span style=\"text-decoration: underline;\">Cursus: <\/span><\/h3>\n<ul>\n<li><span style=\"line-height: 1.714285714; font-size: 1rem;\">Juin 2011 : DNSEP (Diplome National Superieur d\u2019Expression Plastique). Mention<\/span><\/li>\n<li><span style=\"line-height: 1.714285714; font-size: 1rem;\"> Juin 2009 : DNAP (Diplome National d\u2019Art Plastique). Mention<\/span><\/li>\n<li><span style=\"line-height: 1.714285714; font-size: 1rem;\">2004: Bac \u00e9lectrotechnique<\/span><\/li>\n<\/ul>\n<h3><span style=\"text-decoration: underline;\"> Residences:<\/span><\/h3>\n<ul>\n<li>2017 Subvention aide \u00e0 la production REGION CENTRE et DRAC CENTRE \u00abprojet LES DOUCES\u00bb<\/li>\n<li>2014 -1er juillet au 30 septembre&#8211; R\u00e9sidence organis\u00e9 par <a href=\"http:\/\/www.la-mire.fr\/\">la mire<\/a> \u00ab\u00a0A ROOF ABOVE YOUR HEAD\u00a0\u00bb 2014 de Slim Cheltout \u00e0 la\u00a0<a href=\"http:\/\/www.glogauair.net\/\">GLOGAUAIR<\/a>,gGmbH<span style=\"color: #000000;\">\u00a0<span style=\"color: #000000;\">Glogauer Str. 16\u00a0<\/span><span style=\"color: #000000;\">10999 Berlin \u2013 Germany\u00a0<\/span><\/span><\/li>\n<li><span style=\"line-height: 1.714285714; font-size: 1rem;\">2013-24 fev-29 avril 2013; \u00a0 \u00a0 \u00a0 \u00a0 \u00a0 \u00a0&#8212; R\u00e9sidence <a href=\"http:\/\/www.mode-demploi.org\/\">Mode D\u2019emploi<\/a>. L\u2019Octroi sud-est, 1 place choiseul<\/span>\n<p><span style=\"color: #000000;\">\u00a0<\/span><\/li>\n<\/ul>\n<h3><span style=\"text-decoration: underline;\">Expositions collectives:<\/span><\/h3>\n<ul>\n<li>2022 du 10 mars au 10 avril Entit\u00e9s m\u00e9caniques au Poctb \u00e0 Orl\u00e9ans<\/li>\n<li>2022 janvier galerie Exuo \u00e0 TOURS pr\u00e9sentation TOS<\/li>\n<li>2021 Octobre La Borne du POCTB pr\u00e9sentation de TOS au frac centre val de Loire \u00e0 Orl\u00e9ans<\/li>\n<li>2018 \u00abOut of cave\u00bb l\u2019annexe centre d\u2019art des rives \u00e0 St Avertin<\/li>\n<li>2017 \u00abToxiques\u00bb exposition \u00e9v\u00e8nement nuit des mus\u00e9e Eternal Network pr\u00e9sentation \u00abdes douces\u00bb<\/li>\n<li>2016 \u00abDisjonction\u00bb Galerie Arcuterie, Poitier<\/li>\n<li>2014 \u00ab Zwichenzeitlich\u00bb Dans l\u2019espace d\u2019exposition de la GLOGAUAIR \u00e0 Berlin ,Allemagne.<\/li>\n<li><span style=\"line-height: 1.714285714; font-size: 1rem;\">30 juin -12 juillet 2013 \u00ab Exuvie\u00bb \u00c0 l\u2019\u00e9cole sup\u00e9rieure des beaux arts de Tours.<\/span><\/li>\n<\/ul>\n<ul>\n<li><span style=\"line-height: 1.714285714; font-size: 1rem;\">10 d\u00e9c-10 janvier 2011-2012 \u00abPlus-que-parfait\u00bb \u00c0 l\u2019\u00e9cole sup\u00e9rieure des beaux arts de Tours.<br \/>\nCommissariat: Fay\u00e7al Baghriche<\/span><\/li>\n<li><span style=\"line-height: 1.714285714; font-size: 1rem;\">13 au 29 mai 2011 \u00abDessin fl\u00e8che vers la droite\u00bb \u00c0 l\u2019\u00e9cole sup\u00e9rieur des beaux arts de Tours<br \/>\nCommissariat: Ala Younis<\/span><\/li>\n<li><span style=\"line-height: 1.714285714; font-size: 1rem;\">9 avril-21 mai 2011<a href=\"http:\/\/www.ville-larochelle.fr\/culture-sports-et-loisirs\/espaces-culturels\/espace-art-contemporain\/espace-art-contemporain-archives\/saison-2011.html\">\u00abEn attendant la mont\u00e9e des eaux\u00bb\u00a0<\/a>\u00a0\u00a0 \u00c0 l\u2019espace d\u2019art contemporain de la Rochelle<br \/>\nCommissariat: Rapha\u00ebl Jeune<\/span><\/li>\n<li><span style=\"line-height: 1.714285714; font-size: 1rem;\">29 avril au 9 mai 2010 \u00abRANDOM RHIZOME(bis)\u00bb <\/span>\u00c0 l\u2019h\u00f4tel Gou\u00efn Tours<\/li>\n<\/ul>\n<ul>\n<li><span style=\"line-height: 1.714285714; font-size: 1rem;\">12 &#8211; 28 fev 2010 \u00abgalleries souterraines\u00bb\u00a0 \u00a0<\/span>Dans les caves d\u2019un hlm de la Rabi\u00e8re \u00e0 Tours .<\/li>\n<\/ul>\n<p>Partenariat: M.E.P. (Mus\u00e9e \u00c9ph\u00e9m\u00e8re Poirier) et association Terra Ceramica.<\/p>\n<ul>\n<li><span style=\"line-height: 1.714285714; font-size: 1rem;\">Sept 2009 \u00abRANDOM RHIZOME\u00bb\u00a0 \u00a0<\/span>\u00c0<a style=\"font-size: revert;\" href=\"http:\/\/delhi.afindia.org\/\"> L\u2019 alliance fran\u00e7aise de New Delhi <\/a><span style=\"font-size: revert; color: initial;\">(INDE)<\/span><\/li>\n<\/ul>\n<ul>\n<li><span style=\"line-height: 1.714285714; font-size: 1rem;\">14-30 avril 2009 \u00abPar ma fen\u00eatre\u00bb\u00a0 \u00a0<\/span>\u00c0 l\u2019\u00e9cole sup\u00e9rieur des beaux arts de Tours<\/li>\n<\/ul>\n<p>Commissariat: Gislain Lauverjat<\/p>\n","protected":false},"excerpt":{"rendered":"<p>Cursus: Juin 2011 : DNSEP (Diplome National Superieur d\u2019Expression Plastique). Mention Juin 2009 : DNAP (Diplome National d\u2019Art Plastique). Mention 2004: Bac \u00e9lectrotechnique Residences: 2017 Subvention aide \u00e0 la production REGION CENTRE et DRAC CENTRE \u00abprojet LES DOUCES\u00bb 2014 -1er juillet au 30 septembre&#8211; R\u00e9sidence organis\u00e9 par la mire \u00ab\u00a0A ROOF ABOVE YOUR HEAD\u00a0\u00bb 2014&hellip; <br \/> <a class=\"read-more\" href=\"https:\/\/cheltoutslim.com\/?page_id=184\">Lire la suite<\/a><\/p>\n","protected":false},"author":1,"featured_media":0,"parent":180,"menu_order":0,"comment_status":"closed","ping_status":"closed","template":"","meta":{"_monsterinsights_skip_tracking":false,"_monsterinsights_sitenote_active":false,"_monsterinsights_sitenote_note":"","_monsterinsights_sitenote_category":0,"footnotes":""},"class_list":["post-184","page","type-page","status-publish","hentry"],"aioseo_notices":[],"_links":{"self":[{"href":"https:\/\/cheltoutslim.com\/index.php?rest_route=\/wp\/v2\/pages\/184","targetHints":{"allow":["GET"]}}],"collection":[{"href":"https:\/\/cheltoutslim.com\/index.php?rest_route=\/wp\/v2\/pages"}],"about":[{"href":"https:\/\/cheltoutslim.com\/index.php?rest_route=\/wp\/v2\/types\/page"}],"author":[{"embeddable":true,"href":"https:\/\/cheltoutslim.com\/index.php?rest_route=\/wp\/v2\/users\/1"}],"replies":[{"embeddable":true,"href":"https:\/\/cheltoutslim.com\/index.php?rest_route=%2Fwp%2Fv2%2Fcomments&post=184"}],"version-history":[{"count":14,"href":"https:\/\/cheltoutslim.com\/index.php?rest_route=\/wp\/v2\/pages\/184\/revisions"}],"predecessor-version":[{"id":1545,"href":"https:\/\/cheltoutslim.com\/index.php?rest_route=\/wp\/v2\/pages\/184\/revisions\/1545"}],"up":[{"embeddable":true,"href":"https:\/\/cheltoutslim.com\/index.php?rest_route=\/wp\/v2\/pages\/180"}],"wp:attachment":[{"href":"https:\/\/cheltoutslim.com\/index.php?rest_route=%2Fwp%2Fv2%2Fmedia&parent=184"}],"curies":[{"name":"wp","href":"https:\/\/api.w.org\/{rel}","templated":true}]}}