{"id":300,"date":"2014-04-10T18:02:27","date_gmt":"2014-04-10T17:02:27","guid":{"rendered":"http:\/\/cheltoutslim.com\/?page_id=300"},"modified":"2015-03-20T23:44:55","modified_gmt":"2015-03-20T22:44:55","slug":"bio","status":"publish","type":"page","link":"https:\/\/cheltoutslim.com\/?page_id=300","title":{"rendered":"Bio"},"content":{"rendered":"<p style=\"text-align: left; padding-left: 30px;\"><img loading=\"lazy\" decoding=\"async\" class=\" size-medium wp-image-1080 alignleft\" src=\"https:\/\/cheltoutslim.com\/wp-content\/uploads\/2014\/04\/CHELTOUT-Slim-Berlin-300x231.jpg\" alt=\"CHELTOUT Slim Berlin\" width=\"300\" height=\"231\" srcset=\"https:\/\/cheltoutslim.com\/wp-content\/uploads\/2014\/04\/CHELTOUT-Slim-Berlin.jpg 300w, https:\/\/cheltoutslim.com\/wp-content\/uploads\/2014\/04\/CHELTOUT-Slim-Berlin-50x39.jpg 50w\" sizes=\"auto, (max-width: 300px) 100vw, 300px\" \/>N\u00e9e en Tunisie en 1984, de p\u00e8re Tunisien et de m\u00e8re fran\u00e7aise,\u00a0j&rsquo;ai v\u00e9cu en m\u00e9diterran\u00e9e jusqu&rsquo;\u00e0 \u00e0 l&rsquo;age de 17 ans , d\u00e9sormais je vis \u00e0 Tours en r\u00e9gion centre et travail dans mon atelier situ\u00e9 au \u00ab\u00a0ATELIER DE LA MORINERIE\u00a0\u00bb 25 rue de la morinerie \u00e0 st pierre des corps atelier\u00a0\u00ab\u00a0MOL\u00a0\u00bb<\/p>\n","protected":false},"excerpt":{"rendered":"<p>N\u00e9e en Tunisie en 1984, de p\u00e8re Tunisien et de m\u00e8re fran\u00e7aise,\u00a0j&rsquo;ai v\u00e9cu en m\u00e9diterran\u00e9e jusqu&rsquo;\u00e0 \u00e0 l&rsquo;age de 17 ans , d\u00e9sormais je vis \u00e0 Tours en r\u00e9gion centre et travail dans mon atelier situ\u00e9 au \u00ab\u00a0ATELIER DE LA MORINERIE\u00a0\u00bb 25 rue de la morinerie \u00e0 st pierre des corps atelier\u00a0\u00ab\u00a0MOL\u00a0\u00bb<\/p>\n","protected":false},"author":1,"featured_media":0,"parent":180,"menu_order":0,"comment_status":"closed","ping_status":"closed","template":"","meta":{"_monsterinsights_skip_tracking":false,"_monsterinsights_sitenote_active":false,"_monsterinsights_sitenote_note":"","_monsterinsights_sitenote_category":0,"footnotes":""},"class_list":["post-300","page","type-page","status-publish","hentry"],"aioseo_notices":[],"_links":{"self":[{"href":"https:\/\/cheltoutslim.com\/index.php?rest_route=\/wp\/v2\/pages\/300","targetHints":{"allow":["GET"]}}],"collection":[{"href":"https:\/\/cheltoutslim.com\/index.php?rest_route=\/wp\/v2\/pages"}],"about":[{"href":"https:\/\/cheltoutslim.com\/index.php?rest_route=\/wp\/v2\/types\/page"}],"author":[{"embeddable":true,"href":"https:\/\/cheltoutslim.com\/index.php?rest_route=\/wp\/v2\/users\/1"}],"replies":[{"embeddable":true,"href":"https:\/\/cheltoutslim.com\/index.php?rest_route=%2Fwp%2Fv2%2Fcomments&post=300"}],"version-history":[{"count":6,"href":"https:\/\/cheltoutslim.com\/index.php?rest_route=\/wp\/v2\/pages\/300\/revisions"}],"predecessor-version":[{"id":352,"href":"https:\/\/cheltoutslim.com\/index.php?rest_route=\/wp\/v2\/pages\/300\/revisions\/352"}],"up":[{"embeddable":true,"href":"https:\/\/cheltoutslim.com\/index.php?rest_route=\/wp\/v2\/pages\/180"}],"wp:attachment":[{"href":"https:\/\/cheltoutslim.com\/index.php?rest_route=%2Fwp%2Fv2%2Fmedia&parent=300"}],"curies":[{"name":"wp","href":"https:\/\/api.w.org\/{rel}","templated":true}]}}